{"id":1283,"date":"2014-08-29T01:32:00","date_gmt":"2014-08-29T01:32:00","guid":{"rendered":"https:\/\/www.skcr-konference.cz\/uvod\/"},"modified":"2026-03-25T08:39:46","modified_gmt":"2026-03-25T08:39:46","slug":"uvod","status":"publish","type":"page","link":"https:\/\/www.skcr-konference.cz\/en\/uvod\/","title":{"rendered":"About the conference"},"content":{"rendered":"<div class='flex_column av-9ukual-1d0275cdbf8781eb93c26116f09d96bf av_one_full  avia-builder-el-0  el_before_av_one_half  avia-builder-el-first  first flex_column_div '   ><\/div>\n<div class='flex_column av-9n4u59-15ca5ad1bc7dc0205ff8bbd6e5da9082 av_one_half  avia-builder-el-1  el_after_av_one_full  el_before_av_one_half  first flex_column_div column-top-margin'   ><style type=\"text\/css\" data-created_by=\"avia_inline_auto\" id=\"style-css-av-9k7gxp-4168b94b2c91e48e5f03bc13ddfd182d\">\n.avia-image-container.av-9k7gxp-4168b94b2c91e48e5f03bc13ddfd182d .av-image-caption-overlay-center{\ncolor:#ffffff;\n}\n<\/style>\n<div  class='avia-image-container av-9k7gxp-4168b94b2c91e48e5f03bc13ddfd182d av-styling- avia-align-center  avia-builder-el-2  avia-builder-el-no-sibling '  itemprop=\"image\" itemscope=\"itemscope\" itemtype=\"https:\/\/schema.org\/ImageObject\" ><div class=\"avia-image-container-inner\"><div class=\"avia-image-overlay-wrap\"><img decoding=\"async\" class='wp-image-1289 avia-img-lazy-loading-not-1289 avia_image' src=\"https:\/\/www.skcr-konference.cz\/wp-content\/uploads\/2026\/01\/skcr-15-konference.png\" alt='' title='skcr-15-konference'  height=\"364\" width=\"545\"  itemprop=\"thumbnailUrl\"  \/><\/div><\/div><\/div><\/div>\n<div class='flex_column av-9ce9h9-3edf32096f51daa68521663ac64f63d4 av_one_half  avia-builder-el-3  el_after_av_one_half  el_before_av_one_third  flex_column_div column-top-margin'   ><p>\n<style type=\"text\/css\" data-created_by=\"avia_inline_auto\" id=\"style-css-av-x36ad-630c94d9f07379112c7703e6472de895\">\n#top .av-special-heading.av-x36ad-630c94d9f07379112c7703e6472de895{\npadding-bottom:10px;\ncolor:#78be3b;\nfont-size:40px;\n}\nbody .av-special-heading.av-x36ad-630c94d9f07379112c7703e6472de895 .av-special-heading-tag .heading-char{\nfont-size:25px;\n}\n#top #wrap_all .av-special-heading.av-x36ad-630c94d9f07379112c7703e6472de895 .av-special-heading-tag{\nfont-size:40px;\n}\n.av-special-heading.av-x36ad-630c94d9f07379112c7703e6472de895 .special-heading-inner-border{\nborder-color:#78be3b;\n}\n.av-special-heading.av-x36ad-630c94d9f07379112c7703e6472de895 .av-subheading{\nfont-size:25px;\n}\n<\/style>\n<div  class='av-special-heading av-x36ad-630c94d9f07379112c7703e6472de895 av-special-heading-h1 custom-color-heading blockquote modern-quote  avia-builder-el-4  el_before_av_textblock  avia-builder-el-first  av-inherit-size'><h1 class='av-special-heading-tag'  itemprop=\"headline\"  >Forging Association of the Czech Republic<\/h1><div class='av_custom_color av-subheading av-subheading_below'><p>is organizing on 19 &#8211; 20 May 2026<br \/>\n15th FORGING CONFERENCE<\/p>\n<\/div><div class=\"special-heading-border\"><div class=\"special-heading-inner-border\"><\/div><\/div><\/div><br \/>\n\n<style type=\"text\/css\" data-created_by=\"avia_inline_auto\" id=\"style-css-av-8av0f1-79b2e75240e22f1d92d43a5bce943aba\">\n#top .av_textblock_section.av-8av0f1-79b2e75240e22f1d92d43a5bce943aba .avia_textblock{\nfont-size:16px;\n}\n<\/style>\n<section  class='av_textblock_section av-8av0f1-79b2e75240e22f1d92d43a5bce943aba'  itemscope=\"itemscope\" itemtype=\"https:\/\/schema.org\/CreativeWork\" ><div class='avia_textblock'  itemprop=\"text\" ><p>Orea Congress Hotel Brno<br \/>\nK\u0159\u00ed\u017ekovsk\u00e9ho 47, 603 73 Brno \u2013 Pis\u00e1rky, Czech Republic<br \/>\nGPS: 49.1857192N, 16.5853642E<\/p>\n<\/div><\/section><\/p><\/div>\n<div class='flex_column av-1pimf9-9758b5aaf787bd6df7de66799d8a968d av_one_third  avia-builder-el-6  el_after_av_one_half  el_before_av_one_third  first flex_column_div column-top-margin'   ><p>\n<style type=\"text\/css\" data-created_by=\"avia_inline_auto\" id=\"style-css-av-1kwlkl-fcedef2556e7c667c5d9dcd639105de1\">\n#top .av-special-heading.av-1kwlkl-fcedef2556e7c667c5d9dcd639105de1{\npadding-bottom:10px;\ncolor:#78be3b;\n}\nbody .av-special-heading.av-1kwlkl-fcedef2556e7c667c5d9dcd639105de1 .av-special-heading-tag .heading-char{\nfont-size:25px;\n}\n.av-special-heading.av-1kwlkl-fcedef2556e7c667c5d9dcd639105de1 .special-heading-inner-border{\nborder-color:#78be3b;\n}\n.av-special-heading.av-1kwlkl-fcedef2556e7c667c5d9dcd639105de1 .av-subheading{\nfont-size:15px;\n}\n<\/style>\n<div  class='av-special-heading av-1kwlkl-fcedef2556e7c667c5d9dcd639105de1 av-special-heading-h3 custom-color-heading  avia-builder-el-7  el_before_av_hr  avia-builder-el-first '><h3 class='av-special-heading-tag'  itemprop=\"headline\"  >Conference Organizing Committee<\/h3><div class=\"special-heading-border\"><div class=\"special-heading-inner-border\"><\/div><\/div><\/div><br \/>\n\n<style type=\"text\/css\" data-created_by=\"avia_inline_auto\" id=\"style-css-av-551lx-50366918f9ac0d30c30dca8faf14e8fe\">\n#top .hr.hr-invisible.av-551lx-50366918f9ac0d30c30dca8faf14e8fe{\nheight:15px;\n}\n<\/style>\n<div  class='hr av-551lx-50366918f9ac0d30c30dca8faf14e8fe hr-invisible  avia-builder-el-8  el_after_av_heading  el_before_av_textblock '><span class='hr-inner '><span class=\"hr-inner-style\"><\/span><\/span><\/div><br \/>\n<section  class='av_textblock_section av-1antc5-ea9e4bdc977f9f25da7c75a5d71ff4f7'  itemscope=\"itemscope\" itemtype=\"https:\/\/schema.org\/CreativeWork\" ><div class='avia_textblock'  itemprop=\"text\" ><ul>\n<li>Ing. Pavel Szturc,Ph.D., SK\u010cR<\/li>\n<li>Ing. Franti\u0161ek \u010cervenka, VIVA Zl\u00edn<\/li>\n<li>Ing. Pavel Feilhauer, MSV METAL Stud\u00e9nka<\/li>\n<li>Ing. Tom\u00e1\u0161 Hykel, TATRA METALURGIE a.s.<\/li>\n<\/ul>\n<\/div><\/section><\/p><\/div><div class='flex_column av-13zs4t-3f3c83de327cf807f2d396b31f6f7072 av_one_third  avia-builder-el-10  el_after_av_one_third  el_before_av_one_third  flex_column_div column-top-margin'   ><p>\n<style type=\"text\/css\" data-created_by=\"avia_inline_auto\" id=\"style-css-av-z819h-08c3b4d9c08a795850fbda8d32bf570c\">\n#top .hr.hr-invisible.av-z819h-08c3b4d9c08a795850fbda8d32bf570c{\nheight:58px;\n}\n<\/style>\n<div  class='hr av-z819h-08c3b4d9c08a795850fbda8d32bf570c hr-invisible  avia-builder-el-11  el_before_av_textblock  avia-builder-el-first '><span class='hr-inner '><span class=\"hr-inner-style\"><\/span><\/span><\/div><br \/>\n<section  class='av_textblock_section av-2l6id-7f8378f6c247a7929b26d79c016d2e56'  itemscope=\"itemscope\" itemtype=\"https:\/\/schema.org\/CreativeWork\" ><div class='avia_textblock'  itemprop=\"text\" ><ul>\n<li>Ji\u0159\u00ed Str\u00e1dal, HF-CZECHFORGE Cheb<\/li>\n<li>Ing. Stanislav Mr\u00e1zek, PRATO Praha<\/li>\n<li>JUDr. Radim \u0160tengl, KOV\u00c1RNA Hradec Kr\u00e1lov\u00e9<\/li>\n<li>Ing. Eduard \u0160kivra, REALISTIC Karlovy Vary<\/li>\n<li>Ing. Franti\u0161ek Tat\u00ed\u010dek, \u010cVUT Praha<\/li>\n<\/ul>\n<\/div><\/section><\/p><\/div><\/p>\n<div class='flex_column av-28kt1-8731cb9e30908e0663408d654a1bad6a av_one_third  avia-builder-el-13  el_after_av_one_third  avia-builder-el-last  flex_column_div column-top-margin'   ><p>\n<style type=\"text\/css\" data-created_by=\"avia_inline_auto\" id=\"style-css-av-h07p1-ecb059a583ca83bb3409bdcf8d7ff475\">\n#top .av-special-heading.av-h07p1-ecb059a583ca83bb3409bdcf8d7ff475{\npadding-bottom:10px;\ncolor:#78be3b;\n}\nbody .av-special-heading.av-h07p1-ecb059a583ca83bb3409bdcf8d7ff475 .av-special-heading-tag .heading-char{\nfont-size:25px;\n}\n.av-special-heading.av-h07p1-ecb059a583ca83bb3409bdcf8d7ff475 .special-heading-inner-border{\nborder-color:#78be3b;\n}\n.av-special-heading.av-h07p1-ecb059a583ca83bb3409bdcf8d7ff475 .av-subheading{\nfont-size:15px;\n}\n<\/style>\n<div  class='av-special-heading av-h07p1-ecb059a583ca83bb3409bdcf8d7ff475 av-special-heading-h3 custom-color-heading  avia-builder-el-14  el_before_av_textblock  avia-builder-el-first '><h3 class='av-special-heading-tag'  itemprop=\"headline\"  >Conference Secretariat<\/h3><div class=\"special-heading-border\"><div class=\"special-heading-inner-border\"><\/div><\/div><\/div><br \/>\n<section  class='av_textblock_section av-a8zit-8a929ffb8673a1f6669f96f78db09e75'  itemscope=\"itemscope\" itemtype=\"https:\/\/schema.org\/CreativeWork\" ><div class='avia_textblock'  itemprop=\"text\" ><p><strong>Forging Association of the Czech Republic<br \/>\n<\/strong>Pavel Szturc, Ph.D.<br \/>\nHlubinsk\u00e1 917\/20,<br \/>\n702 00 Ostrava &#8211; Moravsk\u00e1 Ostrava<br \/>\nCzech Republic<\/p>\n<p><strong>Tel:<\/strong> +420 737 215 443<br \/>\n<strong>E-mail:<\/strong> <a href=\"mailto:kancelar@skcr.org\">kancelar@skcr.org<\/a><br \/>\n<strong>Web:<\/strong> <a href=\"https:\/\/www.skcr.org\/\" target=\"_blank\" rel=\"noopener\">www.skcr.org<\/a><\/p>\n<\/div><\/section><\/p><\/div>\n","protected":false},"excerpt":{"rendered":"","protected":false},"author":1,"featured_media":0,"parent":0,"menu_order":1,"comment_status":"open","ping_status":"open","template":"","meta":{"footnotes":""},"class_list":["post-1283","page","type-page","status-publish","hentry"],"yoast_head":"<!-- This site is optimized with the Yoast SEO plugin v26.8 - https:\/\/yoast.com\/product\/yoast-seo-wordpress\/ -->\n<title>SK\u010cR konference \u2013 15. Kov\u00e1rensk\u00e1 konference<\/title>\n<meta name=\"robots\" content=\"index, follow, max-snippet:-1, max-image-preview:large, max-video-preview:-1\" \/>\n<link rel=\"canonical\" href=\"https:\/\/www.skcr-konference.cz\/en\/uvod\/\" \/>\n<meta property=\"og:locale\" content=\"en_US\" \/>\n<meta property=\"og:type\" content=\"article\" \/>\n<meta property=\"og:title\" content=\"SK\u010cR konference \u2013 15. Kov\u00e1rensk\u00e1 konference\" \/>\n<meta property=\"og:url\" content=\"https:\/\/www.skcr-konference.cz\/en\/uvod\/\" \/>\n<meta property=\"og:site_name\" content=\"SK\u010cR konference\" \/>\n<meta property=\"article:modified_time\" content=\"2026-03-25T08:39:46+00:00\" \/>\n<meta name=\"twitter:card\" content=\"summary_large_image\" \/>\n<meta name=\"twitter:label1\" content=\"Est. reading time\" \/>\n\t<meta name=\"twitter:data1\" content=\"2 minutes\" \/>\n<script type=\"application\/ld+json\" class=\"yoast-schema-graph\">{\"@context\":\"https:\/\/schema.org\",\"@graph\":[{\"@type\":\"WebPage\",\"@id\":\"https:\/\/www.skcr-konference.cz\/en\/uvod\/\",\"url\":\"https:\/\/www.skcr-konference.cz\/en\/uvod\/\",\"name\":\"SK\u010cR konference \u2013 15. Kov\u00e1rensk\u00e1 konference\",\"isPartOf\":{\"@id\":\"https:\/\/www.skcr-konference.cz\/en\/#website\"},\"datePublished\":\"2014-08-29T01:32:00+00:00\",\"dateModified\":\"2026-03-25T08:39:46+00:00\",\"breadcrumb\":{\"@id\":\"https:\/\/www.skcr-konference.cz\/en\/uvod\/#breadcrumb\"},\"inLanguage\":\"en-US\",\"potentialAction\":[{\"@type\":\"ReadAction\",\"target\":[\"https:\/\/www.skcr-konference.cz\/en\/uvod\/\"]}]},{\"@type\":\"BreadcrumbList\",\"@id\":\"https:\/\/www.skcr-konference.cz\/en\/uvod\/#breadcrumb\",\"itemListElement\":[{\"@type\":\"ListItem\",\"position\":1,\"name\":\"Dom\u016f\",\"item\":\"https:\/\/www.skcr-konference.cz\/en\/\"},{\"@type\":\"ListItem\",\"position\":2,\"name\":\"About the conference\"}]},{\"@type\":\"WebSite\",\"@id\":\"https:\/\/www.skcr-konference.cz\/en\/#website\",\"url\":\"https:\/\/www.skcr-konference.cz\/en\/\",\"name\":\"SK\u010cR konference\",\"description\":\"12. Kov\u00e1rensk\u00e1  konference\",\"potentialAction\":[{\"@type\":\"SearchAction\",\"target\":{\"@type\":\"EntryPoint\",\"urlTemplate\":\"https:\/\/www.skcr-konference.cz\/en\/?s={search_term_string}\"},\"query-input\":{\"@type\":\"PropertyValueSpecification\",\"valueRequired\":true,\"valueName\":\"search_term_string\"}}],\"inLanguage\":\"en-US\"}]}<\/script>\n<!-- \/ Yoast SEO plugin. -->","yoast_head_json":{"title":"SK\u010cR konference \u2013 15. Kov\u00e1rensk\u00e1 konference","robots":{"index":"index","follow":"follow","max-snippet":"max-snippet:-1","max-image-preview":"max-image-preview:large","max-video-preview":"max-video-preview:-1"},"canonical":"https:\/\/www.skcr-konference.cz\/en\/uvod\/","og_locale":"en_US","og_type":"article","og_title":"SK\u010cR konference \u2013 15. Kov\u00e1rensk\u00e1 konference","og_url":"https:\/\/www.skcr-konference.cz\/en\/uvod\/","og_site_name":"SK\u010cR konference","article_modified_time":"2026-03-25T08:39:46+00:00","twitter_card":"summary_large_image","twitter_misc":{"Est. reading time":"2 minutes"},"schema":{"@context":"https:\/\/schema.org","@graph":[{"@type":"WebPage","@id":"https:\/\/www.skcr-konference.cz\/en\/uvod\/","url":"https:\/\/www.skcr-konference.cz\/en\/uvod\/","name":"SK\u010cR konference \u2013 15. Kov\u00e1rensk\u00e1 konference","isPartOf":{"@id":"https:\/\/www.skcr-konference.cz\/en\/#website"},"datePublished":"2014-08-29T01:32:00+00:00","dateModified":"2026-03-25T08:39:46+00:00","breadcrumb":{"@id":"https:\/\/www.skcr-konference.cz\/en\/uvod\/#breadcrumb"},"inLanguage":"en-US","potentialAction":[{"@type":"ReadAction","target":["https:\/\/www.skcr-konference.cz\/en\/uvod\/"]}]},{"@type":"BreadcrumbList","@id":"https:\/\/www.skcr-konference.cz\/en\/uvod\/#breadcrumb","itemListElement":[{"@type":"ListItem","position":1,"name":"Dom\u016f","item":"https:\/\/www.skcr-konference.cz\/en\/"},{"@type":"ListItem","position":2,"name":"About the conference"}]},{"@type":"WebSite","@id":"https:\/\/www.skcr-konference.cz\/en\/#website","url":"https:\/\/www.skcr-konference.cz\/en\/","name":"SK\u010cR konference","description":"12. Kov\u00e1rensk\u00e1  konference","potentialAction":[{"@type":"SearchAction","target":{"@type":"EntryPoint","urlTemplate":"https:\/\/www.skcr-konference.cz\/en\/?s={search_term_string}"},"query-input":{"@type":"PropertyValueSpecification","valueRequired":true,"valueName":"search_term_string"}}],"inLanguage":"en-US"}]}},"_links":{"self":[{"href":"https:\/\/www.skcr-konference.cz\/en\/wp-json\/wp\/v2\/pages\/1283","targetHints":{"allow":["GET"]}}],"collection":[{"href":"https:\/\/www.skcr-konference.cz\/en\/wp-json\/wp\/v2\/pages"}],"about":[{"href":"https:\/\/www.skcr-konference.cz\/en\/wp-json\/wp\/v2\/types\/page"}],"author":[{"embeddable":true,"href":"https:\/\/www.skcr-konference.cz\/en\/wp-json\/wp\/v2\/users\/1"}],"replies":[{"embeddable":true,"href":"https:\/\/www.skcr-konference.cz\/en\/wp-json\/wp\/v2\/comments?post=1283"}],"version-history":[{"count":28,"href":"https:\/\/www.skcr-konference.cz\/en\/wp-json\/wp\/v2\/pages\/1283\/revisions"}],"predecessor-version":[{"id":1433,"href":"https:\/\/www.skcr-konference.cz\/en\/wp-json\/wp\/v2\/pages\/1283\/revisions\/1433"}],"wp:attachment":[{"href":"https:\/\/www.skcr-konference.cz\/en\/wp-json\/wp\/v2\/media?parent=1283"}],"curies":[{"name":"wp","href":"https:\/\/api.w.org\/{rel}","templated":true}]}}