{"id":1322,"date":"2023-12-15T10:28:32","date_gmt":"2023-12-15T10:28:32","guid":{"rendered":"https:\/\/www.skcr-konference.cz\/zamereni-konference\/"},"modified":"2026-01-28T13:30:12","modified_gmt":"2026-01-28T13:30:12","slug":"conference-focus","status":"publish","type":"page","link":"https:\/\/www.skcr-konference.cz\/en\/conference-focus\/","title":{"rendered":"Conference focus"},"content":{"rendered":"\n<style type=\"text\/css\" data-created_by=\"avia_inline_auto\" id=\"style-css-av-lq6hgydo-c9b0b810e1e7a7a72078aaf24a220070\">\n#top .av-special-heading.av-lq6hgydo-c9b0b810e1e7a7a72078aaf24a220070{\npadding-bottom:10px;\ncolor:#ffffff;\nfont-size:60px;\n}\nbody .av-special-heading.av-lq6hgydo-c9b0b810e1e7a7a72078aaf24a220070 .av-special-heading-tag .heading-char{\nfont-size:25px;\n}\n#top #wrap_all .av-special-heading.av-lq6hgydo-c9b0b810e1e7a7a72078aaf24a220070 .av-special-heading-tag{\nfont-size:60px;\n}\n.av-special-heading.av-lq6hgydo-c9b0b810e1e7a7a72078aaf24a220070 .special-heading-inner-border{\nborder-color:#ffffff;\n}\n.av-special-heading.av-lq6hgydo-c9b0b810e1e7a7a72078aaf24a220070 .av-subheading{\nfont-size:20px;\n}\n<\/style>\n<div  class='av-special-heading av-lq6hgydo-c9b0b810e1e7a7a72078aaf24a220070 av-special-heading-h1 custom-color-heading blockquote modern-quote  avia-builder-el-0  el_before_av_hr  avia-builder-el-first  av-inherit-size'><h1 class='av-special-heading-tag'  itemprop=\"headline\"  ><span style=\"color: #78be3b;\">Conference focus<\/span><\/h1><div class=\"special-heading-border\"><div class=\"special-heading-inner-border\"><\/div><\/div><\/div>\n<div  class='hr av-72qip-74ea1cd006722401556d4e9c6064282b hr-default  avia-builder-el-1  el_after_av_heading  el_before_av_textblock '><span class='hr-inner '><span class=\"hr-inner-style\"><\/span><\/span><\/div>\n<section  class='av_textblock_section av-lq6hkt2x-113ddba422a1b8f7c61a149be289905a'  itemscope=\"itemscope\" itemtype=\"https:\/\/schema.org\/CreativeWork\" ><div class='avia_textblock'  itemprop=\"text\" ><p>The conference will offer participants a space to share the latest knowledge trends and innovations in the field of forging industry. The conference includes a social evening with a rich banquet.<\/p>\n<p>We offer companies the opportunity to use the conference to present their activities, services and products in the form of a commercial lecture, poster, advertisement in the proceedings or by including their brochures and promotional items among the conference materials.<\/p>\n<p>The offer includes the possibility of exclusive gold, silver and bronze sponsorship.<\/p>\n<\/div><\/section>\n\n<style type=\"text\/css\" data-created_by=\"avia_inline_auto\" id=\"style-css-av-lq6hqvzz-433820da1cbbadb7adb638876d8db270\">\n#top .av-special-heading.av-lq6hqvzz-433820da1cbbadb7adb638876d8db270{\npadding-bottom:10px;\ncolor:#78be3b;\n}\nbody .av-special-heading.av-lq6hqvzz-433820da1cbbadb7adb638876d8db270 .av-special-heading-tag .heading-char{\nfont-size:25px;\n}\n.av-special-heading.av-lq6hqvzz-433820da1cbbadb7adb638876d8db270 .special-heading-inner-border{\nborder-color:#78be3b;\n}\n.av-special-heading.av-lq6hqvzz-433820da1cbbadb7adb638876d8db270 .av-subheading{\nfont-size:15px;\n}\n<\/style>\n<div  class='av-special-heading av-lq6hqvzz-433820da1cbbadb7adb638876d8db270 av-special-heading-h2 custom-color-heading blockquote modern-quote  avia-builder-el-3  el_after_av_textblock  el_before_av_iconlist '><h2 class='av-special-heading-tag'  itemprop=\"headline\"  >Conference framework program<\/h2><div class=\"special-heading-border\"><div class=\"special-heading-inner-border\"><\/div><\/div><\/div>\n<div  class='avia-icon-list-container av-lq6hx6me-076ed6d10b977acf8e511e5369922d98  avia-builder-el-4  el_after_av_heading  avia-builder-el-last '><ul class='avia-icon-list avia_animate_when_almost_visible avia-icon-list-left av-iconlist-big av-lq6hx6me-076ed6d10b977acf8e511e5369922d98 avia-iconlist-animate'><li><div class='iconlist_icon av-lq6hvn5h-8a421e5432ea3e04d5361fcbc360fa02 avia-font-entypo-fontello'><span class='iconlist-char' aria-hidden='true' data-av_icon='\ue85b' data-av_iconfont='entypo-fontello'><\/span><\/div><article class=\"article-icon-entry \"  itemscope=\"itemscope\" itemtype=\"https:\/\/schema.org\/CreativeWork\" ><div class=\"iconlist_content_wrap\"><header class=\"entry-content-header\"><h4 class='av_iconlist_title iconlist_title  '  itemprop=\"headline\" >19.5.2026<\/h4><\/header><div class='iconlist_content '  itemprop=\"text\" ><p><strong> 9:30 &#8211; 10:00<\/strong><br \/>Registration of participants of the 57th General Assembly<\/p>\n<p><strong>10:00 &#8211; 12:00<\/strong><br \/>57th General Assembly (only members of the Forging Association of the Czech Republic)<\/p>\n<p><strong>12:00 &#8211; 13:00<\/strong><br \/>Lunch<\/p>\n<p><strong>13:00 &#8211; 14:00<\/strong><br \/>Registration of participants of the 15th Forging conference<\/p>\n<p><strong>14:00 &#8211; 14:10<\/strong><br \/>Opening of the conference<\/p>\n<p><strong>14:10 &#8211; 18:00<\/strong><br \/>Plenary session<\/p>\n<p><strong>19:00<\/strong><br \/>Social evening<\/p>\n<\/div><\/div><footer class=\"entry-footer\"><\/footer><\/article><div class=\"iconlist-timeline\"><\/div><\/li><li><div class='iconlist_icon av-lq6hw7lr-a49b7e3d1b16c0f9e899012543752b74 avia-font-entypo-fontello'><span class='iconlist-char' aria-hidden='true' data-av_icon='\ue85b' data-av_iconfont='entypo-fontello'><\/span><\/div><article class=\"article-icon-entry \"  itemscope=\"itemscope\" itemtype=\"https:\/\/schema.org\/CreativeWork\" ><div class=\"iconlist_content_wrap\"><header class=\"entry-content-header\"><h4 class='av_iconlist_title iconlist_title  '  itemprop=\"headline\" >20.5.2026<\/h4><\/header><div class='iconlist_content '  itemprop=\"text\" ><p><strong>8:30 &#8211; 13:00<\/strong><br \/>Plenary session<\/p>\n<p><strong>13:00 &#8211; 14:00<\/strong><br \/>Lunch<\/p>\n<\/div><\/div><footer class=\"entry-footer\"><\/footer><\/article><div class=\"iconlist-timeline\"><\/div><\/li><\/ul><\/div>\n","protected":false},"excerpt":{"rendered":"","protected":false},"author":1,"featured_media":0,"parent":0,"menu_order":0,"comment_status":"closed","ping_status":"closed","template":"","meta":{"footnotes":""},"class_list":["post-1322","page","type-page","status-publish","hentry"],"yoast_head":"<!-- This site is optimized with the Yoast SEO plugin v26.8 - https:\/\/yoast.com\/product\/yoast-seo-wordpress\/ -->\n<title>Conference focus | SK\u010cR konference<\/title>\n<meta name=\"robots\" content=\"index, follow, max-snippet:-1, max-image-preview:large, max-video-preview:-1\" \/>\n<link rel=\"canonical\" href=\"https:\/\/www.skcr-konference.cz\/en\/conference-focus\/\" \/>\n<meta property=\"og:locale\" content=\"en_US\" \/>\n<meta property=\"og:type\" content=\"article\" \/>\n<meta property=\"og:title\" content=\"Conference focus | SK\u010cR konference\" \/>\n<meta property=\"og:url\" content=\"https:\/\/www.skcr-konference.cz\/en\/conference-focus\/\" \/>\n<meta property=\"og:site_name\" content=\"SK\u010cR konference\" \/>\n<meta property=\"article:modified_time\" content=\"2026-01-28T13:30:12+00:00\" \/>\n<meta name=\"twitter:card\" content=\"summary_large_image\" \/>\n<meta name=\"twitter:label1\" content=\"Est. reading time\" \/>\n\t<meta name=\"twitter:data1\" content=\"2 minutes\" \/>\n<script type=\"application\/ld+json\" class=\"yoast-schema-graph\">{\"@context\":\"https:\/\/schema.org\",\"@graph\":[{\"@type\":\"WebPage\",\"@id\":\"https:\/\/www.skcr-konference.cz\/en\/conference-focus\/\",\"url\":\"https:\/\/www.skcr-konference.cz\/en\/conference-focus\/\",\"name\":\"Conference focus | SK\u010cR konference\",\"isPartOf\":{\"@id\":\"https:\/\/www.skcr-konference.cz\/en\/#website\"},\"datePublished\":\"2023-12-15T10:28:32+00:00\",\"dateModified\":\"2026-01-28T13:30:12+00:00\",\"breadcrumb\":{\"@id\":\"https:\/\/www.skcr-konference.cz\/en\/conference-focus\/#breadcrumb\"},\"inLanguage\":\"en-US\",\"potentialAction\":[{\"@type\":\"ReadAction\",\"target\":[\"https:\/\/www.skcr-konference.cz\/en\/conference-focus\/\"]}]},{\"@type\":\"BreadcrumbList\",\"@id\":\"https:\/\/www.skcr-konference.cz\/en\/conference-focus\/#breadcrumb\",\"itemListElement\":[{\"@type\":\"ListItem\",\"position\":1,\"name\":\"Dom\u016f\",\"item\":\"https:\/\/www.skcr-konference.cz\/en\/\"},{\"@type\":\"ListItem\",\"position\":2,\"name\":\"Conference focus\"}]},{\"@type\":\"WebSite\",\"@id\":\"https:\/\/www.skcr-konference.cz\/en\/#website\",\"url\":\"https:\/\/www.skcr-konference.cz\/en\/\",\"name\":\"SK\u010cR konference\",\"description\":\"12. Kov\u00e1rensk\u00e1  konference\",\"potentialAction\":[{\"@type\":\"SearchAction\",\"target\":{\"@type\":\"EntryPoint\",\"urlTemplate\":\"https:\/\/www.skcr-konference.cz\/en\/?s={search_term_string}\"},\"query-input\":{\"@type\":\"PropertyValueSpecification\",\"valueRequired\":true,\"valueName\":\"search_term_string\"}}],\"inLanguage\":\"en-US\"}]}<\/script>\n<!-- \/ Yoast SEO plugin. -->","yoast_head_json":{"title":"Conference focus | SK\u010cR konference","robots":{"index":"index","follow":"follow","max-snippet":"max-snippet:-1","max-image-preview":"max-image-preview:large","max-video-preview":"max-video-preview:-1"},"canonical":"https:\/\/www.skcr-konference.cz\/en\/conference-focus\/","og_locale":"en_US","og_type":"article","og_title":"Conference focus | SK\u010cR konference","og_url":"https:\/\/www.skcr-konference.cz\/en\/conference-focus\/","og_site_name":"SK\u010cR konference","article_modified_time":"2026-01-28T13:30:12+00:00","twitter_card":"summary_large_image","twitter_misc":{"Est. reading time":"2 minutes"},"schema":{"@context":"https:\/\/schema.org","@graph":[{"@type":"WebPage","@id":"https:\/\/www.skcr-konference.cz\/en\/conference-focus\/","url":"https:\/\/www.skcr-konference.cz\/en\/conference-focus\/","name":"Conference focus | SK\u010cR konference","isPartOf":{"@id":"https:\/\/www.skcr-konference.cz\/en\/#website"},"datePublished":"2023-12-15T10:28:32+00:00","dateModified":"2026-01-28T13:30:12+00:00","breadcrumb":{"@id":"https:\/\/www.skcr-konference.cz\/en\/conference-focus\/#breadcrumb"},"inLanguage":"en-US","potentialAction":[{"@type":"ReadAction","target":["https:\/\/www.skcr-konference.cz\/en\/conference-focus\/"]}]},{"@type":"BreadcrumbList","@id":"https:\/\/www.skcr-konference.cz\/en\/conference-focus\/#breadcrumb","itemListElement":[{"@type":"ListItem","position":1,"name":"Dom\u016f","item":"https:\/\/www.skcr-konference.cz\/en\/"},{"@type":"ListItem","position":2,"name":"Conference focus"}]},{"@type":"WebSite","@id":"https:\/\/www.skcr-konference.cz\/en\/#website","url":"https:\/\/www.skcr-konference.cz\/en\/","name":"SK\u010cR konference","description":"12. Kov\u00e1rensk\u00e1  konference","potentialAction":[{"@type":"SearchAction","target":{"@type":"EntryPoint","urlTemplate":"https:\/\/www.skcr-konference.cz\/en\/?s={search_term_string}"},"query-input":{"@type":"PropertyValueSpecification","valueRequired":true,"valueName":"search_term_string"}}],"inLanguage":"en-US"}]}},"_links":{"self":[{"href":"https:\/\/www.skcr-konference.cz\/en\/wp-json\/wp\/v2\/pages\/1322","targetHints":{"allow":["GET"]}}],"collection":[{"href":"https:\/\/www.skcr-konference.cz\/en\/wp-json\/wp\/v2\/pages"}],"about":[{"href":"https:\/\/www.skcr-konference.cz\/en\/wp-json\/wp\/v2\/types\/page"}],"author":[{"embeddable":true,"href":"https:\/\/www.skcr-konference.cz\/en\/wp-json\/wp\/v2\/users\/1"}],"replies":[{"embeddable":true,"href":"https:\/\/www.skcr-konference.cz\/en\/wp-json\/wp\/v2\/comments?post=1322"}],"version-history":[{"count":2,"href":"https:\/\/www.skcr-konference.cz\/en\/wp-json\/wp\/v2\/pages\/1322\/revisions"}],"predecessor-version":[{"id":1324,"href":"https:\/\/www.skcr-konference.cz\/en\/wp-json\/wp\/v2\/pages\/1322\/revisions\/1324"}],"wp:attachment":[{"href":"https:\/\/www.skcr-konference.cz\/en\/wp-json\/wp\/v2\/media?parent=1322"}],"curies":[{"name":"wp","href":"https:\/\/api.w.org\/{rel}","templated":true}]}}