{"id":1327,"date":"2023-12-15T08:31:01","date_gmt":"2023-12-15T08:31:01","guid":{"rendered":"https:\/\/www.skcr-konference.cz\/ucastnicky-poplatek\/"},"modified":"2026-04-10T10:07:15","modified_gmt":"2026-04-10T10:07:15","slug":"participation-fee","status":"publish","type":"page","link":"https:\/\/www.skcr-konference.cz\/en\/participation-fee\/","title":{"rendered":"Participation fee"},"content":{"rendered":"\n<style type=\"text\/css\" data-created_by=\"avia_inline_auto\" id=\"style-css-av-lq6h8si5-a0c2a5b7d81d5ec333b94512e511840e\">\n#top .av-special-heading.av-lq6h8si5-a0c2a5b7d81d5ec333b94512e511840e{\npadding-bottom:10px;\ncolor:#ffffff;\nfont-size:60px;\n}\nbody .av-special-heading.av-lq6h8si5-a0c2a5b7d81d5ec333b94512e511840e .av-special-heading-tag .heading-char{\nfont-size:25px;\n}\n#top #wrap_all .av-special-heading.av-lq6h8si5-a0c2a5b7d81d5ec333b94512e511840e .av-special-heading-tag{\nfont-size:60px;\n}\n.av-special-heading.av-lq6h8si5-a0c2a5b7d81d5ec333b94512e511840e .special-heading-inner-border{\nborder-color:#ffffff;\n}\n.av-special-heading.av-lq6h8si5-a0c2a5b7d81d5ec333b94512e511840e .av-subheading{\nfont-size:20px;\n}\n<\/style>\n<div  class='av-special-heading av-lq6h8si5-a0c2a5b7d81d5ec333b94512e511840e av-special-heading-h1 custom-color-heading blockquote modern-quote  avia-builder-el-0  el_before_av_hr  avia-builder-el-first  av-inherit-size'><h1 class='av-special-heading-tag'  itemprop=\"headline\"  ><span style=\"color: #78be3b;\">Participation fee<\/span><\/h1><div class=\"special-heading-border\"><div class=\"special-heading-inner-border\"><\/div><\/div><\/div>\n<div  class='hr av-ym4o-4887785b6371d2034e3ed2d69acde244 hr-default  avia-builder-el-1  el_after_av_heading  el_before_av_table '><span class='hr-inner '><span class=\"hr-inner-style\"><\/span><\/span><\/div>\n<div  class='avia-table av-3kh8h4-877093a3cfb36eb433c76be0659f1137 main_color avia-pricing-table-container avia_pricing_default  avia-builder-el-2  el_after_av_hr  el_before_av_textblock  avia-table-1'  itemscope=\"itemscope\" itemtype=\"https:\/\/schema.org\/Table\" ><div class=\"pricing-table-wrap\"><ul class='pricing-table '><li class='avia-heading-row empty-table-cell'><div class='first-table-item'><span class='fallback-table-val'>from 1.4. 2026<\/span><\/div><span class='pricing-extra'><\/span><\/li><li class=''>For one participant:<\/li><\/ul><\/div><div class=\"pricing-table-wrap\"><ul class='pricing-table '><li class='avia-heading-row'><div class='first-table-item'>from 1.4. 2026<\/div><span class='pricing-extra'><\/span><\/li><li class=''>390 EUR<\/li><\/ul><\/div><\/div>\n<section  class='av_textblock_section av-lq6ddonx-813116dbd0aac6fa88b26f06d3a93e44'  itemscope=\"itemscope\" itemtype=\"https:\/\/schema.org\/CreativeWork\" ><div class='avia_textblock'  itemprop=\"text\" ><p>Please pay the participation fee via a payment order to the account:<\/p>\n<p>IBAN:\u00a0\u00a0 <strong>CZ6201000001311503340247<br \/>\n<\/strong>SWIFT: KOMBCZPP<\/p>\n<p>Bank address: Na P\u0159\u00edkop\u011b 33, 114 01 Praha 1, Czech Republic<\/p>\n<p>Please enter your organization&#8217;s ID number as a variable symbol.<br \/>\nPlease include your name in the note.<\/p>\n<p>If a registered participant is unable to attend the conference, they may send a substitute. In case of non-attendance, the registration fee will not be refunded, but the proceedings will be sent.<\/p>\n<\/div><\/section>\n","protected":false},"excerpt":{"rendered":"","protected":false},"author":1,"featured_media":0,"parent":0,"menu_order":0,"comment_status":"closed","ping_status":"closed","template":"","meta":{"footnotes":""},"class_list":["post-1327","page","type-page","status-publish","hentry"],"yoast_head":"<!-- This site is optimized with the Yoast SEO plugin v26.8 - https:\/\/yoast.com\/product\/yoast-seo-wordpress\/ -->\n<title>Participation fee | SK\u010cR konference<\/title>\n<meta name=\"robots\" content=\"index, follow, max-snippet:-1, max-image-preview:large, max-video-preview:-1\" \/>\n<link rel=\"canonical\" href=\"https:\/\/www.skcr-konference.cz\/en\/participation-fee\/\" \/>\n<meta property=\"og:locale\" content=\"en_US\" \/>\n<meta property=\"og:type\" content=\"article\" \/>\n<meta property=\"og:title\" content=\"Participation fee | SK\u010cR konference\" \/>\n<meta property=\"og:url\" content=\"https:\/\/www.skcr-konference.cz\/en\/participation-fee\/\" \/>\n<meta property=\"og:site_name\" content=\"SK\u010cR konference\" \/>\n<meta property=\"article:modified_time\" content=\"2026-04-10T10:07:15+00:00\" \/>\n<meta name=\"twitter:card\" content=\"summary_large_image\" \/>\n<meta name=\"twitter:label1\" content=\"Est. reading time\" \/>\n\t<meta name=\"twitter:data1\" content=\"2 minutes\" \/>\n<script type=\"application\/ld+json\" class=\"yoast-schema-graph\">{\"@context\":\"https:\/\/schema.org\",\"@graph\":[{\"@type\":\"WebPage\",\"@id\":\"https:\/\/www.skcr-konference.cz\/en\/participation-fee\/\",\"url\":\"https:\/\/www.skcr-konference.cz\/en\/participation-fee\/\",\"name\":\"Participation fee | SK\u010cR konference\",\"isPartOf\":{\"@id\":\"https:\/\/www.skcr-konference.cz\/en\/#website\"},\"datePublished\":\"2023-12-15T08:31:01+00:00\",\"dateModified\":\"2026-04-10T10:07:15+00:00\",\"breadcrumb\":{\"@id\":\"https:\/\/www.skcr-konference.cz\/en\/participation-fee\/#breadcrumb\"},\"inLanguage\":\"en-US\",\"potentialAction\":[{\"@type\":\"ReadAction\",\"target\":[\"https:\/\/www.skcr-konference.cz\/en\/participation-fee\/\"]}]},{\"@type\":\"BreadcrumbList\",\"@id\":\"https:\/\/www.skcr-konference.cz\/en\/participation-fee\/#breadcrumb\",\"itemListElement\":[{\"@type\":\"ListItem\",\"position\":1,\"name\":\"Dom\u016f\",\"item\":\"https:\/\/www.skcr-konference.cz\/en\/\"},{\"@type\":\"ListItem\",\"position\":2,\"name\":\"Participation fee\"}]},{\"@type\":\"WebSite\",\"@id\":\"https:\/\/www.skcr-konference.cz\/en\/#website\",\"url\":\"https:\/\/www.skcr-konference.cz\/en\/\",\"name\":\"SK\u010cR konference\",\"description\":\"12. Kov\u00e1rensk\u00e1  konference\",\"potentialAction\":[{\"@type\":\"SearchAction\",\"target\":{\"@type\":\"EntryPoint\",\"urlTemplate\":\"https:\/\/www.skcr-konference.cz\/en\/?s={search_term_string}\"},\"query-input\":{\"@type\":\"PropertyValueSpecification\",\"valueRequired\":true,\"valueName\":\"search_term_string\"}}],\"inLanguage\":\"en-US\"}]}<\/script>\n<!-- \/ Yoast SEO plugin. -->","yoast_head_json":{"title":"Participation fee | SK\u010cR konference","robots":{"index":"index","follow":"follow","max-snippet":"max-snippet:-1","max-image-preview":"max-image-preview:large","max-video-preview":"max-video-preview:-1"},"canonical":"https:\/\/www.skcr-konference.cz\/en\/participation-fee\/","og_locale":"en_US","og_type":"article","og_title":"Participation fee | SK\u010cR konference","og_url":"https:\/\/www.skcr-konference.cz\/en\/participation-fee\/","og_site_name":"SK\u010cR konference","article_modified_time":"2026-04-10T10:07:15+00:00","twitter_card":"summary_large_image","twitter_misc":{"Est. reading time":"2 minutes"},"schema":{"@context":"https:\/\/schema.org","@graph":[{"@type":"WebPage","@id":"https:\/\/www.skcr-konference.cz\/en\/participation-fee\/","url":"https:\/\/www.skcr-konference.cz\/en\/participation-fee\/","name":"Participation fee | SK\u010cR konference","isPartOf":{"@id":"https:\/\/www.skcr-konference.cz\/en\/#website"},"datePublished":"2023-12-15T08:31:01+00:00","dateModified":"2026-04-10T10:07:15+00:00","breadcrumb":{"@id":"https:\/\/www.skcr-konference.cz\/en\/participation-fee\/#breadcrumb"},"inLanguage":"en-US","potentialAction":[{"@type":"ReadAction","target":["https:\/\/www.skcr-konference.cz\/en\/participation-fee\/"]}]},{"@type":"BreadcrumbList","@id":"https:\/\/www.skcr-konference.cz\/en\/participation-fee\/#breadcrumb","itemListElement":[{"@type":"ListItem","position":1,"name":"Dom\u016f","item":"https:\/\/www.skcr-konference.cz\/en\/"},{"@type":"ListItem","position":2,"name":"Participation fee"}]},{"@type":"WebSite","@id":"https:\/\/www.skcr-konference.cz\/en\/#website","url":"https:\/\/www.skcr-konference.cz\/en\/","name":"SK\u010cR konference","description":"12. Kov\u00e1rensk\u00e1  konference","potentialAction":[{"@type":"SearchAction","target":{"@type":"EntryPoint","urlTemplate":"https:\/\/www.skcr-konference.cz\/en\/?s={search_term_string}"},"query-input":{"@type":"PropertyValueSpecification","valueRequired":true,"valueName":"search_term_string"}}],"inLanguage":"en-US"}]}},"_links":{"self":[{"href":"https:\/\/www.skcr-konference.cz\/en\/wp-json\/wp\/v2\/pages\/1327","targetHints":{"allow":["GET"]}}],"collection":[{"href":"https:\/\/www.skcr-konference.cz\/en\/wp-json\/wp\/v2\/pages"}],"about":[{"href":"https:\/\/www.skcr-konference.cz\/en\/wp-json\/wp\/v2\/types\/page"}],"author":[{"embeddable":true,"href":"https:\/\/www.skcr-konference.cz\/en\/wp-json\/wp\/v2\/users\/1"}],"replies":[{"embeddable":true,"href":"https:\/\/www.skcr-konference.cz\/en\/wp-json\/wp\/v2\/comments?post=1327"}],"version-history":[{"count":4,"href":"https:\/\/www.skcr-konference.cz\/en\/wp-json\/wp\/v2\/pages\/1327\/revisions"}],"predecessor-version":[{"id":1439,"href":"https:\/\/www.skcr-konference.cz\/en\/wp-json\/wp\/v2\/pages\/1327\/revisions\/1439"}],"wp:attachment":[{"href":"https:\/\/www.skcr-konference.cz\/en\/wp-json\/wp\/v2\/media?parent=1327"}],"curies":[{"name":"wp","href":"https:\/\/api.w.org\/{rel}","templated":true}]}}