{"id":1336,"date":"2018-12-04T11:19:47","date_gmt":"2018-12-04T11:19:47","guid":{"rendered":"https:\/\/www.skcr-konference.cz\/exkluzivni-sponzorstvi\/"},"modified":"2026-01-29T08:19:25","modified_gmt":"2026-01-29T08:19:25","slug":"exkluzivni-sponzorstvi","status":"publish","type":"page","link":"https:\/\/www.skcr-konference.cz\/en\/exkluzivni-sponzorstvi\/","title":{"rendered":"Sponsorship"},"content":{"rendered":"<div id='av_section_1'  class='avia-section av-26udvz-e9c70e1fd2c4d826fd03ac5909b4b68f main_color avia-section-default avia-no-shadow  avia-builder-el-0  el_before_av_one_full  avia-builder-el-first  avia-bg-style-scroll container_wrap sidebar_right'  ><div class='container av-section-cont-open' ><main  role=\"main\" itemprop=\"mainContentOfPage\"  class='template-page content  av-content-small alpha units'><div class='post-entry post-entry-type-page post-entry-1336'><div class='entry-content-wrapper clearfix'>\n\n<style type=\"text\/css\" data-created_by=\"avia_inline_auto\" id=\"style-css-av-22863b-a023f98ce2f7c28c710674f41f266fd5\">\n#top .av-special-heading.av-22863b-a023f98ce2f7c28c710674f41f266fd5{\npadding-bottom:10px;\nfont-size:60px;\n}\nbody .av-special-heading.av-22863b-a023f98ce2f7c28c710674f41f266fd5 .av-special-heading-tag .heading-char{\nfont-size:25px;\n}\n#top #wrap_all .av-special-heading.av-22863b-a023f98ce2f7c28c710674f41f266fd5 .av-special-heading-tag{\nfont-size:60px;\n}\n.av-special-heading.av-22863b-a023f98ce2f7c28c710674f41f266fd5 .av-subheading{\nfont-size:15px;\n}\n<\/style>\n<div  class='av-special-heading av-22863b-a023f98ce2f7c28c710674f41f266fd5 av-special-heading-h1 blockquote modern-quote  avia-builder-el-1  avia-builder-el-no-sibling  av-inherit-size'><h1 class='av-special-heading-tag'  itemprop=\"headline\"  ><span style=\"color: #78be3b;\">Sponsorship<\/span><\/h1><div class=\"special-heading-border\"><div class=\"special-heading-inner-border\"><\/div><\/div><\/div>\n<\/div><\/div><\/main><!-- close content main element --><\/div><\/div><div id='after_section_1'  class='main_color av_default_container_wrap container_wrap sidebar_right'  ><div class='container av-section-cont-open' ><div class='template-page content  av-content-small alpha units'><div class='post-entry post-entry-type-page post-entry-1336'><div class='entry-content-wrapper clearfix'>\n<style type=\"text\/css\" data-created_by=\"avia_inline_auto\" id=\"style-css-av-1wf667-8ff7f6663679e1c99c75f47d534544d5\">\n.flex_column.av-1wf667-8ff7f6663679e1c99c75f47d534544d5{\nborder-radius:0px 0px 0px 0px;\n-webkit-border-radius:0px 0px 0px 0px;\n-moz-border-radius:0px 0px 0px 0px;\n}\n<\/style>\n<div class='flex_column av-1wf667-8ff7f6663679e1c99c75f47d534544d5 av_one_full  avia-builder-el-2  el_after_av_section  el_before_av_one_third  avia-builder-el-first  first flex_column_div av-zero-column-padding '   ><section  class='av_textblock_section av-1piyzj-f187d062107199371a8e8249a9ec7fa6'  itemscope=\"itemscope\" itemtype=\"https:\/\/schema.org\/CreativeWork\" ><div class='avia_textblock'  itemprop=\"text\" ><p>We offer you the opportunity to use the conference to present your company, its products and services for forges, in the form of sponsorship in three categories \u2013 gold, silver and bronze. More information in the conference office.<\/p>\n<\/div><\/section><\/div><\/p>\n\n<style type=\"text\/css\" data-created_by=\"avia_inline_auto\" id=\"style-css-av-1lt533-801a772c34326804dcf759a8ca3620d8\">\n.flex_column.av-1lt533-801a772c34326804dcf759a8ca3620d8{\nborder-radius:0px 0px 0px 0px;\n-webkit-border-radius:0px 0px 0px 0px;\n-moz-border-radius:0px 0px 0px 0px;\n}\n<\/style>\n<div class='flex_column av-1lt533-801a772c34326804dcf759a8ca3620d8 av_one_third  avia-builder-el-4  el_after_av_one_full  el_before_av_one_third  first flex_column_div av-zero-column-padding column-top-margin'   ><p>\n<style type=\"text\/css\" data-created_by=\"avia_inline_auto\" id=\"style-css-av-1f490n-575a92e06406cbd74e59fe9828b652ef\">\n#top .av-special-heading.av-1f490n-575a92e06406cbd74e59fe9828b652ef{\npadding-bottom:10px;\n}\nbody .av-special-heading.av-1f490n-575a92e06406cbd74e59fe9828b652ef .av-special-heading-tag .heading-char{\nfont-size:25px;\n}\n.av-special-heading.av-1f490n-575a92e06406cbd74e59fe9828b652ef .av-subheading{\nfont-size:15px;\n}\n<\/style>\n<div  class='av-special-heading av-1f490n-575a92e06406cbd74e59fe9828b652ef av-special-heading-h2  avia-builder-el-5  el_before_av_textblock  avia-builder-el-first '><h2 class='av-special-heading-tag'  itemprop=\"headline\"  >Gold sponsorship<\/h2><div class=\"special-heading-border\"><div class=\"special-heading-inner-border\"><\/div><\/div><\/div><br \/>\n\n<style type=\"text\/css\" data-created_by=\"avia_inline_auto\" id=\"style-css-av-17t8nj-9f0ef2a33a2ff377661fd3e79ada38da\">\n#top .av_textblock_section.av-17t8nj-9f0ef2a33a2ff377661fd3e79ada38da .avia_textblock{\nfont-size:16px;\n}\n<\/style>\n<section  class='av_textblock_section av-17t8nj-9f0ef2a33a2ff377661fd3e79ada38da'  itemscope=\"itemscope\" itemtype=\"https:\/\/schema.org\/CreativeWork\" ><div class='avia_textblock'  itemprop=\"text\" ><ul>\n<li>Presentation during the conference meeting, 15 minutes long<\/li>\n<li>Presentation in the conference proceedings (3 pages)<\/li>\n<li>Presentation table with materials in the conference hall<\/li>\n<li>Placing brochures in the conference bag among the conference materials<\/li>\n<li>Placing 2 roll ups in the meeting room on the sides in the first place<\/li>\n<li>Participation of 2 company representatives without participation fee<\/li>\n<li><strong><span style=\"color: #78be3b;\">3 500 EUR<\/span><\/strong><\/li>\n<\/ul>\n<\/div><\/section><\/p><\/div>\n\n<style type=\"text\/css\" data-created_by=\"avia_inline_auto\" id=\"style-css-av-12wvvz-d430e98062b00a1a7ba36b10f79adfb6\">\n.flex_column.av-12wvvz-d430e98062b00a1a7ba36b10f79adfb6{\nborder-radius:0px 0px 0px 0px;\n-webkit-border-radius:0px 0px 0px 0px;\n-moz-border-radius:0px 0px 0px 0px;\n}\n<\/style>\n<div class='flex_column av-12wvvz-d430e98062b00a1a7ba36b10f79adfb6 av_one_third  avia-builder-el-7  el_after_av_one_third  el_before_av_one_third  flex_column_div av-zero-column-padding column-top-margin'   ><p>\n<style type=\"text\/css\" data-created_by=\"avia_inline_auto\" id=\"style-css-av-3bmvz-b6cf427abe8fda305f01a35b7872cc90\">\n#top .av-special-heading.av-3bmvz-b6cf427abe8fda305f01a35b7872cc90{\npadding-bottom:10px;\n}\nbody .av-special-heading.av-3bmvz-b6cf427abe8fda305f01a35b7872cc90 .av-special-heading-tag .heading-char{\nfont-size:25px;\n}\n.av-special-heading.av-3bmvz-b6cf427abe8fda305f01a35b7872cc90 .av-subheading{\nfont-size:15px;\n}\n<\/style>\n<div  class='av-special-heading av-3bmvz-b6cf427abe8fda305f01a35b7872cc90 av-special-heading-h2  avia-builder-el-8  el_before_av_textblock  avia-builder-el-first '><h2 class='av-special-heading-tag'  itemprop=\"headline\"  >Silver sponsorship<\/h2><div class=\"special-heading-border\"><div class=\"special-heading-inner-border\"><\/div><\/div><\/div><br \/>\n\n<style type=\"text\/css\" data-created_by=\"avia_inline_auto\" id=\"style-css-av-shnef-86924b44da271ef3d2bfdf04475cbbc0\">\n#top .av_textblock_section.av-shnef-86924b44da271ef3d2bfdf04475cbbc0 .avia_textblock{\nfont-size:16px;\n}\n<\/style>\n<section  class='av_textblock_section av-shnef-86924b44da271ef3d2bfdf04475cbbc0'  itemscope=\"itemscope\" itemtype=\"https:\/\/schema.org\/CreativeWork\" ><div class='avia_textblock'  itemprop=\"text\" ><ul>\n<li>Presentation in the conference proceedings (2 pages)<\/li>\n<li>Presentation table with materials in the conference hall<\/li>\n<li>Placing brochures in the conference bag among the conference materials<\/li>\n<li>Placing 1 roll up in the meeting room<\/li>\n<li>Participation of 1 company representative without participation fee<\/li>\n<li><strong><span style=\"color: #78be3b;\">2 500 EUR<\/span><\/strong><\/li>\n<\/ul>\n<\/div><\/section><\/p><\/div>\n\n<style type=\"text\/css\" data-created_by=\"avia_inline_auto\" id=\"style-css-av-m1afj-2adae81140a1628608f7e7418ac7e212\">\n.flex_column.av-m1afj-2adae81140a1628608f7e7418ac7e212{\nborder-radius:0px 0px 0px 0px;\n-webkit-border-radius:0px 0px 0px 0px;\n-moz-border-radius:0px 0px 0px 0px;\n}\n<\/style>\n<div class='flex_column av-m1afj-2adae81140a1628608f7e7418ac7e212 av_one_third  avia-builder-el-10  el_after_av_one_third  avia-builder-el-last  flex_column_div av-zero-column-padding column-top-margin'   ><p>\n<style type=\"text\/css\" data-created_by=\"avia_inline_auto\" id=\"style-css-av-gnq2f-ec05d75214bf1f8e9b9daed9e282ee87\">\n#top .av-special-heading.av-gnq2f-ec05d75214bf1f8e9b9daed9e282ee87{\npadding-bottom:10px;\n}\nbody .av-special-heading.av-gnq2f-ec05d75214bf1f8e9b9daed9e282ee87 .av-special-heading-tag .heading-char{\nfont-size:25px;\n}\n.av-special-heading.av-gnq2f-ec05d75214bf1f8e9b9daed9e282ee87 .av-subheading{\nfont-size:15px;\n}\n<\/style>\n<div  class='av-special-heading av-gnq2f-ec05d75214bf1f8e9b9daed9e282ee87 av-special-heading-h2  avia-builder-el-11  el_before_av_textblock  avia-builder-el-first '><h2 class='av-special-heading-tag'  itemprop=\"headline\"  > Bronze sponsorship<\/h2><div class=\"special-heading-border\"><div class=\"special-heading-inner-border\"><\/div><\/div><\/div><br \/>\n\n<style type=\"text\/css\" data-created_by=\"avia_inline_auto\" id=\"style-css-av-7ufzz-86aab91aefbf6875860ac0ce0c863b9e\">\n#top .av_textblock_section.av-7ufzz-86aab91aefbf6875860ac0ce0c863b9e .avia_textblock{\nfont-size:16px;\n}\n<\/style>\n<section  class='av_textblock_section av-7ufzz-86aab91aefbf6875860ac0ce0c863b9e'  itemscope=\"itemscope\" itemtype=\"https:\/\/schema.org\/CreativeWork\" ><div class='avia_textblock'  itemprop=\"text\" ><ul>\n<li>presentation in the conference proceedings (1 page)<\/li>\n<li>presentation table with materials in the conference hall<\/li>\n<li><strong><span style=\"color: #78be3b;\">1 500 EUR<\/span><\/strong><\/li>\n<\/ul>\n<\/div><\/section><\/p><\/div>\n","protected":false},"excerpt":{"rendered":"","protected":false},"author":1,"featured_media":0,"parent":0,"menu_order":0,"comment_status":"closed","ping_status":"closed","template":"","meta":{"footnotes":""},"class_list":["post-1336","page","type-page","status-publish","hentry"],"yoast_head":"<!-- This site is optimized with the Yoast SEO plugin v26.8 - https:\/\/yoast.com\/product\/yoast-seo-wordpress\/ -->\n<title>Sponsorship | SK\u010cR konference<\/title>\n<meta name=\"robots\" content=\"index, follow, max-snippet:-1, max-image-preview:large, max-video-preview:-1\" \/>\n<link rel=\"canonical\" href=\"https:\/\/www.skcr-konference.cz\/en\/exkluzivni-sponzorstvi\/\" \/>\n<meta property=\"og:locale\" content=\"en_US\" \/>\n<meta property=\"og:type\" content=\"article\" \/>\n<meta property=\"og:title\" content=\"Sponsorship | SK\u010cR konference\" \/>\n<meta property=\"og:url\" content=\"https:\/\/www.skcr-konference.cz\/en\/exkluzivni-sponzorstvi\/\" \/>\n<meta property=\"og:site_name\" content=\"SK\u010cR konference\" \/>\n<meta property=\"article:modified_time\" content=\"2026-01-29T08:19:25+00:00\" \/>\n<meta name=\"twitter:card\" content=\"summary_large_image\" \/>\n<meta name=\"twitter:label1\" content=\"Est. reading time\" \/>\n\t<meta name=\"twitter:data1\" content=\"3 minutes\" \/>\n<script type=\"application\/ld+json\" class=\"yoast-schema-graph\">{\"@context\":\"https:\/\/schema.org\",\"@graph\":[{\"@type\":\"WebPage\",\"@id\":\"https:\/\/www.skcr-konference.cz\/en\/exkluzivni-sponzorstvi\/\",\"url\":\"https:\/\/www.skcr-konference.cz\/en\/exkluzivni-sponzorstvi\/\",\"name\":\"Sponsorship | SK\u010cR konference\",\"isPartOf\":{\"@id\":\"https:\/\/www.skcr-konference.cz\/en\/#website\"},\"datePublished\":\"2018-12-04T11:19:47+00:00\",\"dateModified\":\"2026-01-29T08:19:25+00:00\",\"breadcrumb\":{\"@id\":\"https:\/\/www.skcr-konference.cz\/en\/exkluzivni-sponzorstvi\/#breadcrumb\"},\"inLanguage\":\"en-US\",\"potentialAction\":[{\"@type\":\"ReadAction\",\"target\":[\"https:\/\/www.skcr-konference.cz\/en\/exkluzivni-sponzorstvi\/\"]}]},{\"@type\":\"BreadcrumbList\",\"@id\":\"https:\/\/www.skcr-konference.cz\/en\/exkluzivni-sponzorstvi\/#breadcrumb\",\"itemListElement\":[{\"@type\":\"ListItem\",\"position\":1,\"name\":\"Dom\u016f\",\"item\":\"https:\/\/www.skcr-konference.cz\/en\/\"},{\"@type\":\"ListItem\",\"position\":2,\"name\":\"Sponsorship\"}]},{\"@type\":\"WebSite\",\"@id\":\"https:\/\/www.skcr-konference.cz\/en\/#website\",\"url\":\"https:\/\/www.skcr-konference.cz\/en\/\",\"name\":\"SK\u010cR konference\",\"description\":\"12. Kov\u00e1rensk\u00e1  konference\",\"potentialAction\":[{\"@type\":\"SearchAction\",\"target\":{\"@type\":\"EntryPoint\",\"urlTemplate\":\"https:\/\/www.skcr-konference.cz\/en\/?s={search_term_string}\"},\"query-input\":{\"@type\":\"PropertyValueSpecification\",\"valueRequired\":true,\"valueName\":\"search_term_string\"}}],\"inLanguage\":\"en-US\"}]}<\/script>\n<!-- \/ Yoast SEO plugin. -->","yoast_head_json":{"title":"Sponsorship | SK\u010cR konference","robots":{"index":"index","follow":"follow","max-snippet":"max-snippet:-1","max-image-preview":"max-image-preview:large","max-video-preview":"max-video-preview:-1"},"canonical":"https:\/\/www.skcr-konference.cz\/en\/exkluzivni-sponzorstvi\/","og_locale":"en_US","og_type":"article","og_title":"Sponsorship | SK\u010cR konference","og_url":"https:\/\/www.skcr-konference.cz\/en\/exkluzivni-sponzorstvi\/","og_site_name":"SK\u010cR konference","article_modified_time":"2026-01-29T08:19:25+00:00","twitter_card":"summary_large_image","twitter_misc":{"Est. reading time":"3 minutes"},"schema":{"@context":"https:\/\/schema.org","@graph":[{"@type":"WebPage","@id":"https:\/\/www.skcr-konference.cz\/en\/exkluzivni-sponzorstvi\/","url":"https:\/\/www.skcr-konference.cz\/en\/exkluzivni-sponzorstvi\/","name":"Sponsorship | SK\u010cR konference","isPartOf":{"@id":"https:\/\/www.skcr-konference.cz\/en\/#website"},"datePublished":"2018-12-04T11:19:47+00:00","dateModified":"2026-01-29T08:19:25+00:00","breadcrumb":{"@id":"https:\/\/www.skcr-konference.cz\/en\/exkluzivni-sponzorstvi\/#breadcrumb"},"inLanguage":"en-US","potentialAction":[{"@type":"ReadAction","target":["https:\/\/www.skcr-konference.cz\/en\/exkluzivni-sponzorstvi\/"]}]},{"@type":"BreadcrumbList","@id":"https:\/\/www.skcr-konference.cz\/en\/exkluzivni-sponzorstvi\/#breadcrumb","itemListElement":[{"@type":"ListItem","position":1,"name":"Dom\u016f","item":"https:\/\/www.skcr-konference.cz\/en\/"},{"@type":"ListItem","position":2,"name":"Sponsorship"}]},{"@type":"WebSite","@id":"https:\/\/www.skcr-konference.cz\/en\/#website","url":"https:\/\/www.skcr-konference.cz\/en\/","name":"SK\u010cR konference","description":"12. Kov\u00e1rensk\u00e1  konference","potentialAction":[{"@type":"SearchAction","target":{"@type":"EntryPoint","urlTemplate":"https:\/\/www.skcr-konference.cz\/en\/?s={search_term_string}"},"query-input":{"@type":"PropertyValueSpecification","valueRequired":true,"valueName":"search_term_string"}}],"inLanguage":"en-US"}]}},"_links":{"self":[{"href":"https:\/\/www.skcr-konference.cz\/en\/wp-json\/wp\/v2\/pages\/1336","targetHints":{"allow":["GET"]}}],"collection":[{"href":"https:\/\/www.skcr-konference.cz\/en\/wp-json\/wp\/v2\/pages"}],"about":[{"href":"https:\/\/www.skcr-konference.cz\/en\/wp-json\/wp\/v2\/types\/page"}],"author":[{"embeddable":true,"href":"https:\/\/www.skcr-konference.cz\/en\/wp-json\/wp\/v2\/users\/1"}],"replies":[{"embeddable":true,"href":"https:\/\/www.skcr-konference.cz\/en\/wp-json\/wp\/v2\/comments?post=1336"}],"version-history":[{"count":3,"href":"https:\/\/www.skcr-konference.cz\/en\/wp-json\/wp\/v2\/pages\/1336\/revisions"}],"predecessor-version":[{"id":1366,"href":"https:\/\/www.skcr-konference.cz\/en\/wp-json\/wp\/v2\/pages\/1336\/revisions\/1366"}],"wp:attachment":[{"href":"https:\/\/www.skcr-konference.cz\/en\/wp-json\/wp\/v2\/media?parent=1336"}],"curies":[{"name":"wp","href":"https:\/\/api.w.org\/{rel}","templated":true}]}}