{"id":1352,"date":"2014-09-13T17:30:30","date_gmt":"2014-09-13T17:30:30","guid":{"rendered":"https:\/\/www.skcr-konference.cz\/ubytovani\/"},"modified":"2026-01-29T12:41:08","modified_gmt":"2026-01-29T12:41:08","slug":"accommodations","status":"publish","type":"page","link":"https:\/\/www.skcr-konference.cz\/en\/accommodations\/","title":{"rendered":"Accommodations"},"content":{"rendered":"<div id='av_section_1'  class='avia-section av-voycv-811617e9d33faf35fd09722d738faca3 main_color avia-section-default avia-no-border-styling  avia-builder-el-0  el_before_av_one_full  avia-builder-el-first  avia-bg-style-scroll container_wrap sidebar_right'  ><div class='container av-section-cont-open' ><main  role=\"main\" itemprop=\"mainContentOfPage\"  class='template-page content  av-content-small alpha units'><div class='post-entry post-entry-type-page post-entry-1352'><div class='entry-content-wrapper clearfix'>\n\n<style type=\"text\/css\" data-created_by=\"avia_inline_auto\" id=\"style-css-av-sza5j-4bd14cfd1b060afe27c30eae7257956a\">\n#top .av-special-heading.av-sza5j-4bd14cfd1b060afe27c30eae7257956a{\npadding-bottom:10px;\ncolor:#ffffff;\nfont-size:60px;\n}\nbody .av-special-heading.av-sza5j-4bd14cfd1b060afe27c30eae7257956a .av-special-heading-tag .heading-char{\nfont-size:25px;\n}\n#top #wrap_all .av-special-heading.av-sza5j-4bd14cfd1b060afe27c30eae7257956a .av-special-heading-tag{\nfont-size:60px;\n}\n.av-special-heading.av-sza5j-4bd14cfd1b060afe27c30eae7257956a .special-heading-inner-border{\nborder-color:#ffffff;\n}\n.av-special-heading.av-sza5j-4bd14cfd1b060afe27c30eae7257956a .av-subheading{\nfont-size:20px;\n}\n<\/style>\n<div  class='av-special-heading av-sza5j-4bd14cfd1b060afe27c30eae7257956a av-special-heading-h1 custom-color-heading blockquote modern-quote  avia-builder-el-1  avia-builder-el-no-sibling  av-inherit-size'><h1 class='av-special-heading-tag'  itemprop=\"headline\"  ><span style=\"color: #78be3b;\">Accommodations<\/span><\/h1><div class=\"special-heading-border\"><div class=\"special-heading-inner-border\"><\/div><\/div><\/div>\n<\/div><\/div><\/main><!-- close content main element --><\/div><\/div><div id='after_section_1'  class='main_color av_default_container_wrap container_wrap sidebar_right'  ><div class='container av-section-cont-open' ><div class='template-page content  av-content-small alpha units'><div class='post-entry post-entry-type-page post-entry-1352'><div class='entry-content-wrapper clearfix'>\n<div class='flex_column av-il6k7-0e90f509324b5e683199f9abf54ed9da av_one_full  avia-builder-el-2  el_after_av_section  avia-builder-el-no-sibling  first flex_column_div '   ><p>\n<style type=\"text\/css\" data-created_by=\"avia_inline_auto\" id=\"style-css-av-ecbh3-bd4d20b23bd0a6fe50d4086f2da7b2e5\">\n#top .av_textblock_section.av-ecbh3-bd4d20b23bd0a6fe50d4086f2da7b2e5 .avia_textblock{\nfont-size:16px;\n}\n<\/style>\n<section  class='av_textblock_section av-ecbh3-bd4d20b23bd0a6fe50d4086f2da7b2e5'  itemscope=\"itemscope\" itemtype=\"https:\/\/schema.org\/CreativeWork\" ><div class='avia_textblock'  itemprop=\"text\" ><p>Accommodation provided by OREA Congress Hotel Brno<br \/>\nK\u0159\u00ed\u017ekovsk\u00e9ho 47, 603 73 Brno<\/p>\n<h2>Price list of accommodation at OREA Congress Hotel Brno<\/h2>\n<p><strong><span style=\"color: #78be3b;\">2,500 CZK<\/span><\/strong> single Classic room<br \/>\n<strong><span style=\"color: #78be3b;\">2,670 CZK<\/span><\/strong> double Classic room<\/p>\n<p><strong><span style=\"color: #78be3b;\">2,750 CZK<\/span><\/strong> single Deluxe room<br \/>\n<strong><span style=\"color: #78be3b;\">2,920 CZK<\/span><\/strong> double Deluxe room<\/p>\n<p><strong><span style=\"color: #78be3b;\">2,950 CZK<\/span><\/strong> single Executive room<br \/>\n<strong><span style=\"color: #78be3b;\">3,120 CZK<\/span><\/strong> double Executive room<\/p>\n<p>The Orea Congress Hotel Brno Congress Centre is located in close proximity to the Brno Exhibition Centre with excellent transport links. It is 5 km from the D1 motorway, Exit 190, and the hotel can be reached in 5 minutes by tram from the historic centre of Brno. The Orea Congress Hotel Brno Congress Centre is one of the largest in the region and offers the most modern technical equipment, high variability and free Wi-Fi internet access in all areas. The hotel is wheelchair accessible and you can park in one of its 2 parking lots.<br \/>\nMore at <a href=\"http:\/\/www.orea.cz\/hotel-congress-brno\">www.orea.cz\/hotel-congress-brno<\/a><\/p>\n<\/div><\/section><br \/>\n<div  class='hr av-dsktr-e195fd0ded2670834540bdd5c0983b95 hr-default  avia-builder-el-4  el_after_av_textblock  el_before_av_textblock '><span class='hr-inner '><span class=\"hr-inner-style\"><\/span><\/span><\/div><br \/>\n\n<style type=\"text\/css\" data-created_by=\"avia_inline_auto\" id=\"style-css-av-kzmeu48v-5ece333388d710bc5efbda3f98055afa\">\n#top .av_textblock_section.av-kzmeu48v-5ece333388d710bc5efbda3f98055afa .avia_textblock{\nfont-size:16px;\n}\n<\/style>\n<section  class='av_textblock_section av-kzmeu48v-5ece333388d710bc5efbda3f98055afa'  itemscope=\"itemscope\" itemtype=\"https:\/\/schema.org\/CreativeWork\" ><div class='avia_textblock'  itemprop=\"text\" ><h2>Accommodation reservation<\/h2>\n<p>You can make a binding accommodation reservation yourself by clicking on the button below:<\/p>\n<div  class='avia-button-wrap avia-button-left  avia-builder-el-6  avia-builder-el-no-sibling ' ><a href='https:\/\/booking.orea.cz\/2\/room-selection?filter=%7B%22startDate%22%3A%222026-05-19%22%2C%22endDate%22%3A%222026-05-20%22%2C%22rooms%22%3A%5B%7B%22adultsCount%22%3A1%2C%22childrenAges%22%3A%5B%5D%7D%5D%2C%22promoCode%22%3A%2215KK2026%22%7D&amp;sessionId=019c099d-0518-7181-b63c-5a3724f3f7d1&amp;hotelId=2' class='avia-button av-afjkn-d20d1552fe97d012b1f7b66cf4b6f103 avia-icon_select-no avia-size-large avia-position-left avia-color-theme-color' target=\"_blank\" rel=\"noopener noreferrer\"><span class='avia_iconbox_title' >OREA Congress hotel Brno - 15KK2026<\/span><\/a><\/div>\n<p>Reservations can be made until <strong>16.04.2026<\/strong>.<\/p>\n<\/div><\/section><br \/>\n\n<style type=\"text\/css\" data-created_by=\"avia_inline_auto\" id=\"style-css-av-7rxfz-c97f7d31c64185361c8b5ccc2c70f2a7\">\n.avia-image-container.av-7rxfz-c97f7d31c64185361c8b5ccc2c70f2a7 .av-image-caption-overlay-center{\ncolor:#ffffff;\n}\n<\/style>\n<div  class='avia-image-container av-7rxfz-c97f7d31c64185361c8b5ccc2c70f2a7 av-styling- avia-align-left  avia-builder-el-7  el_after_av_textblock  avia-builder-el-last '  itemprop=\"image\" itemscope=\"itemscope\" itemtype=\"https:\/\/schema.org\/ImageObject\" ><div class=\"avia-image-container-inner\"><div class=\"avia-image-overlay-wrap\"><img decoding=\"async\" class='wp-image-1354 avia-img-lazy-loading-not-1354 avia_image' src=\"https:\/\/www.skcr-konference.cz\/wp-content\/uploads\/2024\/02\/skcr-konference-hotel.jpg\" alt='' title='skcr-konference-hotel'  height=\"1280\" width=\"1920\"  itemprop=\"thumbnailUrl\" srcset=\"https:\/\/www.skcr-konference.cz\/wp-content\/uploads\/2024\/02\/skcr-konference-hotel.jpg 1920w, https:\/\/www.skcr-konference.cz\/wp-content\/uploads\/2024\/02\/skcr-konference-hotel-600x400.jpg 600w, https:\/\/www.skcr-konference.cz\/wp-content\/uploads\/2024\/02\/skcr-konference-hotel-1030x687.jpg 1030w, https:\/\/www.skcr-konference.cz\/wp-content\/uploads\/2024\/02\/skcr-konference-hotel-768x512.jpg 768w, https:\/\/www.skcr-konference.cz\/wp-content\/uploads\/2024\/02\/skcr-konference-hotel-1536x1024.jpg 1536w, https:\/\/www.skcr-konference.cz\/wp-content\/uploads\/2024\/02\/skcr-konference-hotel-1500x1000.jpg 1500w, https:\/\/www.skcr-konference.cz\/wp-content\/uploads\/2024\/02\/skcr-konference-hotel-705x470.jpg 705w\" sizes=\"(max-width: 1920px) 100vw, 1920px\" \/><\/div><\/div><\/div><\/p><\/div>\n","protected":false},"excerpt":{"rendered":"","protected":false},"author":1,"featured_media":0,"parent":0,"menu_order":4,"comment_status":"open","ping_status":"open","template":"","meta":{"footnotes":""},"class_list":["post-1352","page","type-page","status-publish","hentry"],"yoast_head":"<!-- This site is optimized with the Yoast SEO plugin v26.8 - https:\/\/yoast.com\/product\/yoast-seo-wordpress\/ -->\n<title>Accommodations | SK\u010cR konference<\/title>\n<meta name=\"robots\" content=\"index, follow, max-snippet:-1, max-image-preview:large, max-video-preview:-1\" \/>\n<link rel=\"canonical\" href=\"https:\/\/www.skcr-konference.cz\/en\/accommodations\/\" \/>\n<meta property=\"og:locale\" content=\"en_US\" \/>\n<meta property=\"og:type\" content=\"article\" \/>\n<meta property=\"og:title\" content=\"Accommodations | SK\u010cR konference\" \/>\n<meta property=\"og:url\" content=\"https:\/\/www.skcr-konference.cz\/en\/accommodations\/\" \/>\n<meta property=\"og:site_name\" content=\"SK\u010cR konference\" \/>\n<meta property=\"article:modified_time\" content=\"2026-01-29T12:41:08+00:00\" \/>\n<meta name=\"twitter:card\" content=\"summary_large_image\" \/>\n<meta name=\"twitter:label1\" content=\"Est. reading time\" \/>\n\t<meta name=\"twitter:data1\" content=\"3 minutes\" \/>\n<script type=\"application\/ld+json\" class=\"yoast-schema-graph\">{\"@context\":\"https:\/\/schema.org\",\"@graph\":[{\"@type\":\"WebPage\",\"@id\":\"https:\/\/www.skcr-konference.cz\/en\/accommodations\/\",\"url\":\"https:\/\/www.skcr-konference.cz\/en\/accommodations\/\",\"name\":\"Accommodations | SK\u010cR konference\",\"isPartOf\":{\"@id\":\"https:\/\/www.skcr-konference.cz\/en\/#website\"},\"datePublished\":\"2014-09-13T17:30:30+00:00\",\"dateModified\":\"2026-01-29T12:41:08+00:00\",\"breadcrumb\":{\"@id\":\"https:\/\/www.skcr-konference.cz\/en\/accommodations\/#breadcrumb\"},\"inLanguage\":\"en-US\",\"potentialAction\":[{\"@type\":\"ReadAction\",\"target\":[\"https:\/\/www.skcr-konference.cz\/en\/accommodations\/\"]}]},{\"@type\":\"BreadcrumbList\",\"@id\":\"https:\/\/www.skcr-konference.cz\/en\/accommodations\/#breadcrumb\",\"itemListElement\":[{\"@type\":\"ListItem\",\"position\":1,\"name\":\"Dom\u016f\",\"item\":\"https:\/\/www.skcr-konference.cz\/en\/\"},{\"@type\":\"ListItem\",\"position\":2,\"name\":\"Accommodations\"}]},{\"@type\":\"WebSite\",\"@id\":\"https:\/\/www.skcr-konference.cz\/en\/#website\",\"url\":\"https:\/\/www.skcr-konference.cz\/en\/\",\"name\":\"SK\u010cR konference\",\"description\":\"12. Kov\u00e1rensk\u00e1  konference\",\"potentialAction\":[{\"@type\":\"SearchAction\",\"target\":{\"@type\":\"EntryPoint\",\"urlTemplate\":\"https:\/\/www.skcr-konference.cz\/en\/?s={search_term_string}\"},\"query-input\":{\"@type\":\"PropertyValueSpecification\",\"valueRequired\":true,\"valueName\":\"search_term_string\"}}],\"inLanguage\":\"en-US\"}]}<\/script>\n<!-- \/ Yoast SEO plugin. -->","yoast_head_json":{"title":"Accommodations | SK\u010cR konference","robots":{"index":"index","follow":"follow","max-snippet":"max-snippet:-1","max-image-preview":"max-image-preview:large","max-video-preview":"max-video-preview:-1"},"canonical":"https:\/\/www.skcr-konference.cz\/en\/accommodations\/","og_locale":"en_US","og_type":"article","og_title":"Accommodations | SK\u010cR konference","og_url":"https:\/\/www.skcr-konference.cz\/en\/accommodations\/","og_site_name":"SK\u010cR konference","article_modified_time":"2026-01-29T12:41:08+00:00","twitter_card":"summary_large_image","twitter_misc":{"Est. reading time":"3 minutes"},"schema":{"@context":"https:\/\/schema.org","@graph":[{"@type":"WebPage","@id":"https:\/\/www.skcr-konference.cz\/en\/accommodations\/","url":"https:\/\/www.skcr-konference.cz\/en\/accommodations\/","name":"Accommodations | SK\u010cR konference","isPartOf":{"@id":"https:\/\/www.skcr-konference.cz\/en\/#website"},"datePublished":"2014-09-13T17:30:30+00:00","dateModified":"2026-01-29T12:41:08+00:00","breadcrumb":{"@id":"https:\/\/www.skcr-konference.cz\/en\/accommodations\/#breadcrumb"},"inLanguage":"en-US","potentialAction":[{"@type":"ReadAction","target":["https:\/\/www.skcr-konference.cz\/en\/accommodations\/"]}]},{"@type":"BreadcrumbList","@id":"https:\/\/www.skcr-konference.cz\/en\/accommodations\/#breadcrumb","itemListElement":[{"@type":"ListItem","position":1,"name":"Dom\u016f","item":"https:\/\/www.skcr-konference.cz\/en\/"},{"@type":"ListItem","position":2,"name":"Accommodations"}]},{"@type":"WebSite","@id":"https:\/\/www.skcr-konference.cz\/en\/#website","url":"https:\/\/www.skcr-konference.cz\/en\/","name":"SK\u010cR konference","description":"12. Kov\u00e1rensk\u00e1  konference","potentialAction":[{"@type":"SearchAction","target":{"@type":"EntryPoint","urlTemplate":"https:\/\/www.skcr-konference.cz\/en\/?s={search_term_string}"},"query-input":{"@type":"PropertyValueSpecification","valueRequired":true,"valueName":"search_term_string"}}],"inLanguage":"en-US"}]}},"_links":{"self":[{"href":"https:\/\/www.skcr-konference.cz\/en\/wp-json\/wp\/v2\/pages\/1352","targetHints":{"allow":["GET"]}}],"collection":[{"href":"https:\/\/www.skcr-konference.cz\/en\/wp-json\/wp\/v2\/pages"}],"about":[{"href":"https:\/\/www.skcr-konference.cz\/en\/wp-json\/wp\/v2\/types\/page"}],"author":[{"embeddable":true,"href":"https:\/\/www.skcr-konference.cz\/en\/wp-json\/wp\/v2\/users\/1"}],"replies":[{"embeddable":true,"href":"https:\/\/www.skcr-konference.cz\/en\/wp-json\/wp\/v2\/comments?post=1352"}],"version-history":[{"count":7,"href":"https:\/\/www.skcr-konference.cz\/en\/wp-json\/wp\/v2\/pages\/1352\/revisions"}],"predecessor-version":[{"id":1404,"href":"https:\/\/www.skcr-konference.cz\/en\/wp-json\/wp\/v2\/pages\/1352\/revisions\/1404"}],"wp:attachment":[{"href":"https:\/\/www.skcr-konference.cz\/en\/wp-json\/wp\/v2\/media?parent=1352"}],"curies":[{"name":"wp","href":"https:\/\/api.w.org\/{rel}","templated":true}]}}